{"id":66,"date":"2021-02-24T18:09:18","date_gmt":"2021-02-24T21:09:18","guid":{"rendered":"http:\/\/34.239.117.254\/?page_id=66"},"modified":"2023-06-29T18:05:22","modified_gmt":"2023-06-29T21:05:22","slug":"consultoria-juridica","status":"publish","type":"page","link":"https:\/\/www.ayadvogados.com.br\/?page_id=66","title":{"rendered":"Consultoria Jur\u00eddica"},"content":{"rendered":"\t\t<div data-elementor-type=\"wp-page\" data-elementor-id=\"66\" class=\"elementor elementor-66\" data-elementor-post-type=\"page\">\n\t\t\t\t\t\t<section class=\"elementor-section elementor-top-section elementor-element elementor-element-86690b7 ct-section-stretched elementor-section-boxed elementor-section-height-default elementor-section-height-default\" data-id=\"86690b7\" data-element_type=\"section\" data-e-type=\"section\" data-settings=\"{&quot;background_background&quot;:&quot;classic&quot;}\">\n\t\t\t\t\t\t\t<div class=\"elementor-background-overlay\"><\/div>\n\t\t\t\t\t\t\t<div class=\"elementor-container elementor-column-gap-default\">\n\t\t\t\t\t<div class=\"elementor-column elementor-col-100 elementor-top-column elementor-element elementor-element-bd2964f\" data-id=\"bd2964f\" data-element_type=\"column\" data-e-type=\"column\">\n\t\t\t<div class=\"elementor-widget-wrap elementor-element-populated\">\n\t\t\t\t\t\t<div class=\"elementor-element elementor-element-6a894ca elementor-widget elementor-widget-heading\" data-id=\"6a894ca\" data-element_type=\"widget\" data-e-type=\"widget\" data-widget_type=\"heading.default\">\n\t\t\t\t<div class=\"elementor-widget-container\">\n\t\t\t\t\t<h2 class=\"elementor-heading-title elementor-size-default\">Consultoria Jur\u00eddica Aplicada a Intelig\u00eancia de Mercado<\/h2>\t\t\t\t<\/div>\n\t\t\t\t<\/div>\n\t\t\t\t\t<\/div>\n\t\t<\/div>\n\t\t\t\t\t<\/div>\n\t\t<\/section>\n\t\t\t\t<section class=\"elementor-section elementor-top-section elementor-element elementor-element-c5cdd46 ct-section-stretched elementor-section-boxed elementor-section-height-default elementor-section-height-default\" data-id=\"c5cdd46\" data-element_type=\"section\" data-e-type=\"section\">\n\t\t\t\t\t\t<div class=\"elementor-container elementor-column-gap-default\">\n\t\t\t\t\t<div class=\"elementor-column elementor-col-100 elementor-top-column elementor-element elementor-element-a962863\" data-id=\"a962863\" data-element_type=\"column\" data-e-type=\"column\">\n\t\t\t<div class=\"elementor-widget-wrap elementor-element-populated\">\n\t\t\t\t\t\t<section class=\"elementor-section elementor-inner-section elementor-element elementor-element-3cbfbaa elementor-section-boxed elementor-section-height-default elementor-section-height-default\" data-id=\"3cbfbaa\" data-element_type=\"section\" data-e-type=\"section\">\n\t\t\t\t\t\t<div class=\"elementor-container elementor-column-gap-default\">\n\t\t\t\t\t<div class=\"elementor-column elementor-col-50 elementor-inner-column elementor-element elementor-element-487e9db\" data-id=\"487e9db\" data-element_type=\"column\" data-e-type=\"column\">\n\t\t\t<div class=\"elementor-widget-wrap elementor-element-populated\">\n\t\t\t\t\t\t<div class=\"elementor-element elementor-element-996546a elementor-widget elementor-widget-text-editor\" data-id=\"996546a\" data-element_type=\"widget\" data-e-type=\"widget\" data-widget_type=\"text-editor.default\">\n\t\t\t\t<div class=\"elementor-widget-container\">\n\t\t\t\t\t\t\t\t\t<div data-line-height=\"1.3\"><span class=\"theme-text-color-2-2\">A Intelig\u00eancia de Neg\u00f3cios \u00e9 um conjunto de procedimentos focado na an\u00e1lise dos custos empresariais, buscando uma racionaliza\u00e7\u00e3o desses custos, bem como a an\u00e1lise do seu mercado e t\u00e9cnicas para ampliar sua cartela de clientes e escolher melhor os seus fornecedores. Ou seja, \u00e9 uma metodologia que busca a amplia\u00e7\u00e3o da empresa, em um mercado cada vez mais disputado.<br \/><\/span><\/div><div data-line-height=\"1.3\"><span class=\"theme-text-color-2-2\">\u00a0<\/span><\/div><div data-line-height=\"1.3\"><span class=\"theme-text-color-2-2\">As empresas produzem dados internos que s\u00e3o importantes insumos para a intelig\u00eancia de neg\u00f3cios, tais como notas fiscais de entrada e sa\u00edda e obriga\u00e7\u00f5es tribut\u00e1rias acess\u00f3rias. O Direito traz ferramentas importantes que podem auxiliar na extra\u00e7\u00e3o e an\u00e1lise de outras fontes de dados p\u00fablicas para que sejam comparados com os dados internos. As empresas que contam com advogados tributaristas de intelig\u00eancia de neg\u00f3cios t\u00eam um profissional extremamente estrat\u00e9gico para auxili\u00e1-las a:<\/span><\/div><div data-line-height=\"1.3\">\u00a0<\/div><div data-line-height=\"1.3\"><ul><li><span class=\"theme-text-color-2-2\">Conquistar novos mercados;<\/span>\u00a0<\/li><li><span class=\"theme-text-color-2-2\">Ampliar a sua participa\u00e7\u00e3o no mercado;<\/span><\/li><li>Melhorar a precifica\u00e7\u00e3o de seus produtos e servi\u00e7os;<\/li><li><span class=\"theme-text-color-2-2\">Ampliar a sua carteira de potenciais clientes.\u00a0<\/span><\/li><\/ul><\/div>\t\t\t\t\t\t\t\t<\/div>\n\t\t\t\t<\/div>\n\t\t\t\t\t<\/div>\n\t\t<\/div>\n\t\t\t\t<div class=\"elementor-column elementor-col-50 elementor-inner-column elementor-element elementor-element-2c31906\" data-id=\"2c31906\" data-element_type=\"column\" data-e-type=\"column\">\n\t\t\t<div class=\"elementor-widget-wrap elementor-element-populated\">\n\t\t\t\t\t\t<div class=\"elementor-element elementor-element-1bf6f64 elementor-widget elementor-widget-text-editor\" data-id=\"1bf6f64\" data-element_type=\"widget\" data-e-type=\"widget\" data-widget_type=\"text-editor.default\">\n\t\t\t\t<div class=\"elementor-widget-container\">\n\t\t\t\t\t\t\t\t\t<p>\u200b\u200b\u200bPara isso, a AY conta com um equipe de advogados com essa expertise para prestar consultoria jur\u00eddica especializada no estabelecimento de tais estrat\u00e9gias.<\/p>\t\t\t\t\t\t\t\t<\/div>\n\t\t\t\t<\/div>\n\t\t\t\t\t<\/div>\n\t\t<\/div>\n\t\t\t\t\t<\/div>\n\t\t<\/section>\n\t\t\t\t\t<\/div>\n\t\t<\/div>\n\t\t\t\t\t<\/div>\n\t\t<\/section>\n\t\t\t\t<section class=\"elementor-section elementor-top-section elementor-element elementor-element-59910aa ct-section-stretched elementor-section-boxed elementor-section-height-default elementor-section-height-default\" data-id=\"59910aa\" data-element_type=\"section\" data-e-type=\"section\" data-settings=\"{&quot;background_background&quot;:&quot;classic&quot;}\">\n\t\t\t\t\t\t<div class=\"elementor-container elementor-column-gap-default\">\n\t\t\t\t\t<div class=\"elementor-column elementor-col-100 elementor-top-column elementor-element elementor-element-313a1c4\" data-id=\"313a1c4\" data-element_type=\"column\" data-e-type=\"column\">\n\t\t\t<div class=\"elementor-widget-wrap elementor-element-populated\">\n\t\t\t\t\t\t<div class=\"elementor-element elementor-element-898a69c elementor-widget elementor-widget-heading\" data-id=\"898a69c\" data-element_type=\"widget\" data-e-type=\"widget\" data-widget_type=\"heading.default\">\n\t\t\t\t<div class=\"elementor-widget-container\">\n\t\t\t\t\t<h3 class=\"elementor-heading-title elementor-size-default\">Inspira\u00e7\u00f5es<\/h3>\t\t\t\t<\/div>\n\t\t\t\t<\/div>\n\t\t\t\t<div class=\"elementor-element elementor-element-403475f elementor-testimonial--skin-default elementor-testimonial--layout-image_inline elementor-testimonial--align-center elementor-arrows-yes elementor-pagination-type-bullets elementor-widget elementor-widget-testimonial-carousel\" data-id=\"403475f\" data-element_type=\"widget\" data-e-type=\"widget\" data-settings=\"{&quot;show_arrows&quot;:&quot;yes&quot;,&quot;pagination&quot;:&quot;bullets&quot;,&quot;speed&quot;:500,&quot;autoplay&quot;:&quot;yes&quot;,&quot;autoplay_speed&quot;:5000,&quot;loop&quot;:&quot;yes&quot;,&quot;pause_on_hover&quot;:&quot;yes&quot;,&quot;pause_on_interaction&quot;:&quot;yes&quot;,&quot;space_between&quot;:{&quot;unit&quot;:&quot;px&quot;,&quot;size&quot;:10,&quot;sizes&quot;:[]},&quot;space_between_tablet&quot;:{&quot;unit&quot;:&quot;px&quot;,&quot;size&quot;:10,&quot;sizes&quot;:[]},&quot;space_between_mobile&quot;:{&quot;unit&quot;:&quot;px&quot;,&quot;size&quot;:10,&quot;sizes&quot;:[]}}\" data-widget_type=\"testimonial-carousel.default\">\n\t\t\t\t<div class=\"elementor-widget-container\">\n\t\t\t\t\t\t\t\t\t<div class=\"elementor-swiper\">\n\t\t\t\t\t<div class=\"elementor-main-swiper swiper\" role=\"region\" aria-roledescription=\"carousel\" aria-label=\"Slides\">\n\t\t\t\t<div class=\"swiper-wrapper\">\n\t\t\t\t\t\t\t\t\t\t\t<div class=\"swiper-slide\" role=\"group\" aria-roledescription=\"slide\">\n\t\t\t\t\t\t\t\t\t<div class=\"elementor-testimonial\">\n\t\t\t\t\t\t\t<div class=\"elementor-testimonial__content\">\n\t\t\t\t\t<div class=\"elementor-testimonial__text\">\n\t\t\t\t\t\t\u00c9 uma pequena fortuna que poderia movimentar a economia e servir a um bem maior, caso a burocracia fosse menor e o Estado mais c\u00e9lere no que tange a conflitos que seguem a via judicial e extrajudicial\t\t\t\t\t<\/div>\n\t\t\t\t\t\t\t\t\t<\/div>\n\t\t\t\t\t\t<div class=\"elementor-testimonial__footer\">\n\t\t\t\t\t\t\t\t\t<div class=\"elementor-testimonial__image\">\n\t\t\t\t\t\t<img decoding=\"async\" src=\"https:\/\/www.ayadvogados.com.br\/wp-content\/uploads\/2021\/02\/Coordenador-IBPT-e1614345952437.jpg\" alt=\"Gilberto Luiz do Amaral\">\n\t\t\t\t\t\t\t\t\t\t\t<\/div>\n\t\t\t\t\t\t\t\t<cite class=\"elementor-testimonial__cite\"><span class=\"elementor-testimonial__name\">Gilberto Luiz do Amaral<\/span><span class=\"elementor-testimonial__title\">S\u00f3cio<\/span><\/cite>\t\t\t<\/div>\n\t\t<\/div>\n\t\t\t\t\t\t\t\t<\/div>\n\t\t\t\t\t\t\t\t\t<\/div>\n\t\t\t\t\t\t\t<\/div>\n\t\t\t\t<\/div>\n\t\t\t\t\t\t\t\t<\/div>\n\t\t\t\t<\/div>\n\t\t\t\t\t<\/div>\n\t\t<\/div>\n\t\t\t\t\t<\/div>\n\t\t<\/section>\n\t\t\t\t<section class=\"elementor-section elementor-top-section elementor-element elementor-element-d832508 ct-section-stretched elementor-section-boxed elementor-section-height-default elementor-section-height-default\" data-id=\"d832508\" data-element_type=\"section\" data-e-type=\"section\">\n\t\t\t\t\t\t<div class=\"elementor-container elementor-column-gap-default\">\n\t\t\t\t\t<div class=\"elementor-column elementor-col-100 elementor-top-column elementor-element elementor-element-edd777d\" data-id=\"edd777d\" data-element_type=\"column\" data-e-type=\"column\">\n\t\t\t<div class=\"elementor-widget-wrap elementor-element-populated\">\n\t\t\t\t\t\t<div class=\"elementor-element elementor-element-d00cb9c elementor-widget elementor-widget-heading\" data-id=\"d00cb9c\" data-element_type=\"widget\" data-e-type=\"widget\" data-widget_type=\"heading.default\">\n\t\t\t\t<div class=\"elementor-widget-container\">\n\t\t\t\t\t<h5 class=\"elementor-heading-title elementor-size-default\">Quer solicitar uma reuni\u00e3o para conversarmos sobre o seu caso?\u200b<\/h5>\t\t\t\t<\/div>\n\t\t\t\t<\/div>\n\t\t\t\t<div class=\"elementor-element elementor-element-7cee488 elementor-align-center elementor-widget elementor-widget-button\" data-id=\"7cee488\" data-element_type=\"widget\" data-e-type=\"widget\" data-widget_type=\"button.default\">\n\t\t\t\t<div class=\"elementor-widget-container\">\n\t\t\t\t\t\t\t\t\t<div class=\"elementor-button-wrapper\">\n\t\t\t\t\t<a class=\"elementor-button elementor-button-link elementor-size-sm elementor-animation-grow\" href=\"#elementor-action%3Aaction%3Dpopup%3Aopen%26settings%3DeyJpZCI6IjU5NiIsInRvZ2dsZSI6ZmFsc2V9\">\n\t\t\t\t\t\t<span class=\"elementor-button-content-wrapper\">\n\t\t\t\t\t\t\t\t\t<span class=\"elementor-button-text\">Solicitar uma reuni\u00e3o<\/span>\n\t\t\t\t\t<\/span>\n\t\t\t\t\t<\/a>\n\t\t\t\t<\/div>\n\t\t\t\t\t\t\t\t<\/div>\n\t\t\t\t<\/div>\n\t\t\t\t\t<\/div>\n\t\t<\/div>\n\t\t\t\t\t<\/div>\n\t\t<\/section>\n\t\t\t\t<\/div>\n\t\t","protected":false},"excerpt":{"rendered":"<p>A Intelig\u00eancia de Neg\u00f3cios \u00e9 um conjunto de procedimentos focado na an\u00e1lise dos custos empresariais, buscando uma racionaliza\u00e7\u00e3o desses custos, bem como a an\u00e1lise do seu mercado e t\u00e9cnicas para ampliar sua cartela de clientes e escolher melhor os seus fornecedores. Ou seja, \u00e9 uma metodologia que busca a amplia\u00e7\u00e3o da empresa, em um mercado [&hellip;]<\/p>\n","protected":false},"author":3,"featured_media":0,"parent":62,"menu_order":0,"comment_status":"closed","ping_status":"closed","template":"","meta":{"footnotes":""},"class_list":["post-66","page","type-page","status-publish","hentry"],"blocksy_meta":{"styles_descriptor":{"styles":{"desktop":"","tablet":"","mobile":""},"google_fonts":[],"version":6}},"yoast_head":"<!-- This site is optimized with the Yoast SEO plugin v27.4 - https:\/\/yoast.com\/product\/yoast-seo-wordpress\/ -->\n<title>Consultoria Jur\u00eddica - Amaral, Yazbek Advogados<\/title>\n<meta name=\"robots\" content=\"index, follow, max-snippet:-1, max-image-preview:large, max-video-preview:-1\" \/>\n<link rel=\"canonical\" href=\"https:\/\/www.34.239.117.254.sslip.io\/?page_id=66\" \/>\n<meta property=\"og:locale\" content=\"pt_BR\" \/>\n<meta property=\"og:type\" content=\"article\" \/>\n<meta property=\"og:title\" content=\"Consultoria Jur\u00eddica - Amaral, Yazbek Advogados\" \/>\n<meta property=\"og:description\" content=\"A Intelig\u00eancia de Neg\u00f3cios \u00e9 um conjunto de procedimentos focado na an\u00e1lise dos custos empresariais, buscando uma racionaliza\u00e7\u00e3o desses custos, bem como a an\u00e1lise do seu mercado e t\u00e9cnicas para ampliar sua cartela de clientes e escolher melhor os seus fornecedores. Ou seja, \u00e9 uma metodologia que busca a amplia\u00e7\u00e3o da empresa, em um mercado [&hellip;]\" \/>\n<meta property=\"og:url\" content=\"https:\/\/www.34.239.117.254.sslip.io\/?page_id=66\" \/>\n<meta property=\"og:site_name\" content=\"Amaral, Yazbek Advogados\" \/>\n<meta property=\"article:publisher\" content=\"https:\/\/www.facebook.com\/AYadvogados\" \/>\n<meta property=\"article:modified_time\" content=\"2023-06-29T21:05:22+00:00\" \/>\n<meta property=\"og:image\" content=\"http:\/\/ayadvogados.com.br\/wp-content\/uploads\/2021\/02\/Coordenador-IBPT-e1614345952437.jpg\" \/>\n<meta name=\"twitter:card\" content=\"summary_large_image\" \/>\n<meta name=\"twitter:label1\" content=\"Est. tempo de leitura\" \/>\n\t<meta name=\"twitter:data1\" content=\"3 minutos\" \/>\n<script type=\"application\/ld+json\" class=\"yoast-schema-graph\">{\"@context\":\"https:\\\/\\\/schema.org\",\"@graph\":[{\"@type\":\"WebPage\",\"@id\":\"https:\\\/\\\/www.34.239.117.254.sslip.io\\\/?page_id=66\",\"url\":\"https:\\\/\\\/www.34.239.117.254.sslip.io\\\/?page_id=66\",\"name\":\"Consultoria Jur\u00eddica - Amaral, Yazbek Advogados\",\"isPartOf\":{\"@id\":\"https:\\\/\\\/www.ayadvogados.com.br\\\/#website\"},\"primaryImageOfPage\":{\"@id\":\"https:\\\/\\\/www.34.239.117.254.sslip.io\\\/?page_id=66#primaryimage\"},\"image\":{\"@id\":\"https:\\\/\\\/www.34.239.117.254.sslip.io\\\/?page_id=66#primaryimage\"},\"thumbnailUrl\":\"http:\\\/\\\/ayadvogados.com.br\\\/wp-content\\\/uploads\\\/2021\\\/02\\\/Coordenador-IBPT-e1614345952437.jpg\",\"datePublished\":\"2021-02-24T21:09:18+00:00\",\"dateModified\":\"2023-06-29T21:05:22+00:00\",\"breadcrumb\":{\"@id\":\"https:\\\/\\\/www.34.239.117.254.sslip.io\\\/?page_id=66#breadcrumb\"},\"inLanguage\":\"pt-BR\",\"potentialAction\":[{\"@type\":\"ReadAction\",\"target\":[\"https:\\\/\\\/www.34.239.117.254.sslip.io\\\/?page_id=66\"]}]},{\"@type\":\"ImageObject\",\"inLanguage\":\"pt-BR\",\"@id\":\"https:\\\/\\\/www.34.239.117.254.sslip.io\\\/?page_id=66#primaryimage\",\"url\":\"http:\\\/\\\/ayadvogados.com.br\\\/wp-content\\\/uploads\\\/2021\\\/02\\\/Coordenador-IBPT-e1614345952437.jpg\",\"contentUrl\":\"http:\\\/\\\/ayadvogados.com.br\\\/wp-content\\\/uploads\\\/2021\\\/02\\\/Coordenador-IBPT-e1614345952437.jpg\"},{\"@type\":\"BreadcrumbList\",\"@id\":\"https:\\\/\\\/www.34.239.117.254.sslip.io\\\/?page_id=66#breadcrumb\",\"itemListElement\":[{\"@type\":\"ListItem\",\"position\":1,\"name\":\"In\u00edcio\",\"item\":\"https:\\\/\\\/www.ayadvogados.com.br\\\/\"},{\"@type\":\"ListItem\",\"position\":2,\"name\":\"Servi\u00e7os\",\"item\":\"https:\\\/\\\/www.34.239.117.254.sslip.io\\\/?page_id=62\"},{\"@type\":\"ListItem\",\"position\":3,\"name\":\"Consultoria Jur\u00eddica\"}]},{\"@type\":\"WebSite\",\"@id\":\"https:\\\/\\\/www.ayadvogados.com.br\\\/#website\",\"url\":\"https:\\\/\\\/www.ayadvogados.com.br\\\/\",\"name\":\"Amaral, Yazbek Advogados\",\"description\":\"Curitiba \u2022 Bras\u00edlia \u2022 S\u00e3o Paulo\",\"publisher\":{\"@id\":\"https:\\\/\\\/www.ayadvogados.com.br\\\/#organization\"},\"potentialAction\":[{\"@type\":\"SearchAction\",\"target\":{\"@type\":\"EntryPoint\",\"urlTemplate\":\"https:\\\/\\\/www.ayadvogados.com.br\\\/?s={search_term_string}\"},\"query-input\":{\"@type\":\"PropertyValueSpecification\",\"valueRequired\":true,\"valueName\":\"search_term_string\"}}],\"inLanguage\":\"pt-BR\"},{\"@type\":\"Organization\",\"@id\":\"https:\\\/\\\/www.ayadvogados.com.br\\\/#organization\",\"name\":\"Amaral, Yazbek Advogados\",\"url\":\"https:\\\/\\\/www.ayadvogados.com.br\\\/\",\"logo\":{\"@type\":\"ImageObject\",\"inLanguage\":\"pt-BR\",\"@id\":\"https:\\\/\\\/www.ayadvogados.com.br\\\/#\\\/schema\\\/logo\\\/image\\\/\",\"url\":\"http:\\\/\\\/34.239.117.254\\\/wp-content\\\/uploads\\\/2021\\\/03\\\/logo-ay-g.png\",\"contentUrl\":\"http:\\\/\\\/34.239.117.254\\\/wp-content\\\/uploads\\\/2021\\\/03\\\/logo-ay-g.png\",\"width\":434,\"height\":106,\"caption\":\"Amaral, Yazbek Advogados\"},\"image\":{\"@id\":\"https:\\\/\\\/www.ayadvogados.com.br\\\/#\\\/schema\\\/logo\\\/image\\\/\"},\"sameAs\":[\"https:\\\/\\\/www.facebook.com\\\/AYadvogados\",\"https:\\\/\\\/www.instagram.com\\\/ayadvogados\\\/\"]}]}<\/script>\n<!-- \/ Yoast SEO plugin. -->","yoast_head_json":{"title":"Consultoria Jur\u00eddica - Amaral, Yazbek Advogados","robots":{"index":"index","follow":"follow","max-snippet":"max-snippet:-1","max-image-preview":"max-image-preview:large","max-video-preview":"max-video-preview:-1"},"canonical":"https:\/\/www.34.239.117.254.sslip.io\/?page_id=66","og_locale":"pt_BR","og_type":"article","og_title":"Consultoria Jur\u00eddica - Amaral, Yazbek Advogados","og_description":"A Intelig\u00eancia de Neg\u00f3cios \u00e9 um conjunto de procedimentos focado na an\u00e1lise dos custos empresariais, buscando uma racionaliza\u00e7\u00e3o desses custos, bem como a an\u00e1lise do seu mercado e t\u00e9cnicas para ampliar sua cartela de clientes e escolher melhor os seus fornecedores. Ou seja, \u00e9 uma metodologia que busca a amplia\u00e7\u00e3o da empresa, em um mercado [&hellip;]","og_url":"https:\/\/www.34.239.117.254.sslip.io\/?page_id=66","og_site_name":"Amaral, Yazbek Advogados","article_publisher":"https:\/\/www.facebook.com\/AYadvogados","article_modified_time":"2023-06-29T21:05:22+00:00","og_image":[{"url":"http:\/\/ayadvogados.com.br\/wp-content\/uploads\/2021\/02\/Coordenador-IBPT-e1614345952437.jpg","type":"","width":"","height":""}],"twitter_card":"summary_large_image","twitter_misc":{"Est. tempo de leitura":"3 minutos"},"schema":{"@context":"https:\/\/schema.org","@graph":[{"@type":"WebPage","@id":"https:\/\/www.34.239.117.254.sslip.io\/?page_id=66","url":"https:\/\/www.34.239.117.254.sslip.io\/?page_id=66","name":"Consultoria Jur\u00eddica - Amaral, Yazbek Advogados","isPartOf":{"@id":"https:\/\/www.ayadvogados.com.br\/#website"},"primaryImageOfPage":{"@id":"https:\/\/www.34.239.117.254.sslip.io\/?page_id=66#primaryimage"},"image":{"@id":"https:\/\/www.34.239.117.254.sslip.io\/?page_id=66#primaryimage"},"thumbnailUrl":"http:\/\/ayadvogados.com.br\/wp-content\/uploads\/2021\/02\/Coordenador-IBPT-e1614345952437.jpg","datePublished":"2021-02-24T21:09:18+00:00","dateModified":"2023-06-29T21:05:22+00:00","breadcrumb":{"@id":"https:\/\/www.34.239.117.254.sslip.io\/?page_id=66#breadcrumb"},"inLanguage":"pt-BR","potentialAction":[{"@type":"ReadAction","target":["https:\/\/www.34.239.117.254.sslip.io\/?page_id=66"]}]},{"@type":"ImageObject","inLanguage":"pt-BR","@id":"https:\/\/www.34.239.117.254.sslip.io\/?page_id=66#primaryimage","url":"http:\/\/ayadvogados.com.br\/wp-content\/uploads\/2021\/02\/Coordenador-IBPT-e1614345952437.jpg","contentUrl":"http:\/\/ayadvogados.com.br\/wp-content\/uploads\/2021\/02\/Coordenador-IBPT-e1614345952437.jpg"},{"@type":"BreadcrumbList","@id":"https:\/\/www.34.239.117.254.sslip.io\/?page_id=66#breadcrumb","itemListElement":[{"@type":"ListItem","position":1,"name":"In\u00edcio","item":"https:\/\/www.ayadvogados.com.br\/"},{"@type":"ListItem","position":2,"name":"Servi\u00e7os","item":"https:\/\/www.34.239.117.254.sslip.io\/?page_id=62"},{"@type":"ListItem","position":3,"name":"Consultoria Jur\u00eddica"}]},{"@type":"WebSite","@id":"https:\/\/www.ayadvogados.com.br\/#website","url":"https:\/\/www.ayadvogados.com.br\/","name":"Amaral, Yazbek Advogados","description":"Curitiba \u2022 Bras\u00edlia \u2022 S\u00e3o Paulo","publisher":{"@id":"https:\/\/www.ayadvogados.com.br\/#organization"},"potentialAction":[{"@type":"SearchAction","target":{"@type":"EntryPoint","urlTemplate":"https:\/\/www.ayadvogados.com.br\/?s={search_term_string}"},"query-input":{"@type":"PropertyValueSpecification","valueRequired":true,"valueName":"search_term_string"}}],"inLanguage":"pt-BR"},{"@type":"Organization","@id":"https:\/\/www.ayadvogados.com.br\/#organization","name":"Amaral, Yazbek Advogados","url":"https:\/\/www.ayadvogados.com.br\/","logo":{"@type":"ImageObject","inLanguage":"pt-BR","@id":"https:\/\/www.ayadvogados.com.br\/#\/schema\/logo\/image\/","url":"http:\/\/34.239.117.254\/wp-content\/uploads\/2021\/03\/logo-ay-g.png","contentUrl":"http:\/\/34.239.117.254\/wp-content\/uploads\/2021\/03\/logo-ay-g.png","width":434,"height":106,"caption":"Amaral, Yazbek Advogados"},"image":{"@id":"https:\/\/www.ayadvogados.com.br\/#\/schema\/logo\/image\/"},"sameAs":["https:\/\/www.facebook.com\/AYadvogados","https:\/\/www.instagram.com\/ayadvogados\/"]}]}},"rttpg_featured_image_url":null,"rttpg_author":{"display_name":"Infra","author_link":"https:\/\/www.ayadvogados.com.br\/?author=3"},"rttpg_comment":0,"rttpg_category":null,"rttpg_excerpt":"A Intelig\u00eancia de Neg\u00f3cios \u00e9 um conjunto de procedimentos focado na an\u00e1lise dos custos empresariais, buscando uma racionaliza\u00e7\u00e3o desses custos, bem como a an\u00e1lise do seu mercado e t\u00e9cnicas para ampliar sua cartela de clientes e escolher melhor os seus fornecedores. Ou seja, \u00e9 uma metodologia que busca a amplia\u00e7\u00e3o da empresa, em um mercado&hellip;","_links":{"self":[{"href":"https:\/\/www.ayadvogados.com.br\/index.php?rest_route=\/wp\/v2\/pages\/66","targetHints":{"allow":["GET"]}}],"collection":[{"href":"https:\/\/www.ayadvogados.com.br\/index.php?rest_route=\/wp\/v2\/pages"}],"about":[{"href":"https:\/\/www.ayadvogados.com.br\/index.php?rest_route=\/wp\/v2\/types\/page"}],"author":[{"embeddable":true,"href":"https:\/\/www.ayadvogados.com.br\/index.php?rest_route=\/wp\/v2\/users\/3"}],"replies":[{"embeddable":true,"href":"https:\/\/www.ayadvogados.com.br\/index.php?rest_route=%2Fwp%2Fv2%2Fcomments&post=66"}],"version-history":[{"count":7,"href":"https:\/\/www.ayadvogados.com.br\/index.php?rest_route=\/wp\/v2\/pages\/66\/revisions"}],"predecessor-version":[{"id":2674,"href":"https:\/\/www.ayadvogados.com.br\/index.php?rest_route=\/wp\/v2\/pages\/66\/revisions\/2674"}],"up":[{"embeddable":true,"href":"https:\/\/www.ayadvogados.com.br\/index.php?rest_route=\/wp\/v2\/pages\/62"}],"wp:attachment":[{"href":"https:\/\/www.ayadvogados.com.br\/index.php?rest_route=%2Fwp%2Fv2%2Fmedia&parent=66"}],"curies":[{"name":"wp","href":"https:\/\/api.w.org\/{rel}","templated":true}]}}