{"id":645,"date":"2021-03-26T14:37:46","date_gmt":"2021-03-26T17:37:46","guid":{"rendered":"http:\/\/34.239.117.254\/?page_id=645"},"modified":"2025-07-02T11:32:36","modified_gmt":"2025-07-02T14:32:36","slug":"termos-de-uso","status":"publish","type":"page","link":"https:\/\/www.ayadvogados.com.br\/?page_id=645","title":{"rendered":"Termos de Uso"},"content":{"rendered":"\n<p>TERMO DE USO DO S\u00cdTIO ELETR\u00d4NICO<\/p>\n\n\n\n<p>Este instrumento \u00e9 um acordo legal entre voc\u00ea, pessoa natural ou jur\u00eddica, a seguir denominada simplesmente de \u201cUSU\u00c1RIO\u201d, e a Amaral, Yazbek Advogados, pessoa jur\u00eddica de direito privado, inscrita no CNPJ\/MF sob o n\u00ba 03.793.230\/0001-43, com sede na Av. C\u00e2ndido Hartmann, n\u00ba 50 \u2013 Bigorrilho, Curitiba\/PR, CEP 80730-440, doravante denominada apenas de \u201cAmaral, Yazbek Advogados\u201d, sociedade empres\u00e1ria do tipo limitada, respons\u00e1vel por este s\u00edtio eletr\u00f4nico (<a><a href=\"https:\/\/www.ayadvogados.com.br\/\">Advocacia tribut\u00e1ria | Amaral Yazbek Advogados<\/a><\/a>).<\/p>\n\n\n\n<p>CL\u00c1USULA PRIMEIRA \u2013 DAS CONDI\u00c7\u00d5ES GERAIS<\/p>\n\n\n\n<p>1.1. O presente documento trata das condi\u00e7\u00f5es, responsabilidades, direitos, obriga\u00e7\u00f5es e regras de uso e de conduta em rela\u00e7\u00e3o ao s\u00edtio eletr\u00f4nico da Amaral, Yazbek Advogados.<\/p>\n\n\n\n<p>1.1.1. Para fins deste instrumento, considera-se USU\u00c1RIO qualquer visitante que, de alguma forma, acessa, insere ou compartilha dados e informa\u00e7\u00f5es a partir da utiliza\u00e7\u00e3o do s\u00edtio eletr\u00f4nico.<\/p>\n\n\n\n<p>1.2. Ao utilizar o s\u00edtio eletr\u00f4nico, o USU\u00c1RIO adere integralmente ao presente instrumento (\u201cTermos de Uso do Site\u201d), entendendo e aceitando todas as condi\u00e7\u00f5es a seguir estabelecidas.<\/p>\n\n\n\n<p>1.2.1. O uso de algumas funcionalidades do s\u00edtio eletr\u00f4nico tamb\u00e9m est\u00e1 condicionado \u00e0 ades\u00e3o integral \u00e0 \u201cPol\u00edtica de Privacidade da Amaral, Yazbek Advogados\u201d.<\/p>\n\n\n\n<p>1.2.2. O USU\u00c1RIO DECLARA TER CI\u00caNCIA DOS DIREITOS E OBRIGA\u00c7\u00d5ES DECORRENTES DESTE INSTRUMENTO, DECLARANDO, AINDA, TER LIDO, COMPREENDIDO E ACEITO TODOS OS TERMOS E CONDI\u00c7\u00d5ES DESTE CONTRATO.<\/p>\n\n\n\n<p>1.2.3. O USU\u00c1RIO declara ci\u00eancia de que o aceite a este instrumento e \u00e0 \u201cPol\u00edtica de Privacidade da Amaral, Yazbek Advogados\u201d ser\u00e1 registrado no banco de dados da Amaral, Yazbek Advogados, com data e hora da manifesta\u00e7\u00e3o de consentimento.<\/p>\n\n\n\n<p>1.3. Ao fornecer seus dados pessoais por meio do s\u00edtio eletr\u00f4nico, o USU\u00c1RIO autoriza seu tratamento conforme previsto na \u201cPol\u00edtica de Privacidade\u201d.<\/p>\n\n\n\n<p>1.3.1. \u00c9 de responsabilidade do USU\u00c1RIO garantir a exatid\u00e3o, atualiza\u00e7\u00e3o e veracidade das informa\u00e7\u00f5es fornecidas.<\/p>\n\n\n\n<p>1.3.2. O USU\u00c1RIO deve ser pessoa capaz, nos termos da legisla\u00e7\u00e3o civil.<\/p>\n\n\n\n<p>1.4. O Amaral, Yazbek Advogados poder\u00e1 condicionar o acesso a funcionalidades, conte\u00fados ou servi\u00e7os do s\u00edtio eletr\u00f4nico ao fornecimento de dados pelo USU\u00c1RIO e\/ou ao pagamento de valores, conforme divulgado previamente no s\u00edtio eletr\u00f4nico.<\/p>\n\n\n\n<p>1.5. O USU\u00c1RIO n\u00e3o poder\u00e1:<\/p>\n\n\n\n<p>a) Utilizar o s\u00edtio eletr\u00f4nico para divulgar informa\u00e7\u00f5es que possam violar normas legais, direitos de terceiros ou os bons costumes;<\/p>\n\n\n\n<p>b) Reproduzir, adaptar, modificar ou empregar, no todo ou em parte, o s\u00edtio eletr\u00f4nico ou qualquer de seus conte\u00fados sem autoriza\u00e7\u00e3o expressa da Amaral, Yazbek Advogados.<\/p>\n\n\n\n<p>CL\u00c1USULA SEGUNDA \u2013 DA PROTE\u00c7\u00c3O AOS DIREITOS AUTORAIS<\/p>\n\n\n\n<p>2.1. Todo o conte\u00fado dispon\u00edvel no s\u00edtio eletr\u00f4nico, incluindo textos, imagens, logotipos, marcas, arquivos, \u00e9 de propriedade da Amaral, Yazbek Advogados ou utilizado mediante autoriza\u00e7\u00e3o, sendo protegido pela legisla\u00e7\u00e3o aplic\u00e1vel.<\/p>\n\n\n\n<p>2.2. \u00c9 proibida a reprodu\u00e7\u00e3o, divulga\u00e7\u00e3o, distribui\u00e7\u00e3o ou qualquer forma de utiliza\u00e7\u00e3o, total ou parcial, dos conte\u00fados sem autoriza\u00e7\u00e3o pr\u00e9via e expressa da Amaral, Yazbek Advogados.<\/p>\n\n\n\n<p>CL\u00c1USULA TERCEIRA \u2013 DAS GARANTIAS E RESPONSABILIDADES<\/p>\n\n\n\n<p>3.1. O Amaral, Yazbek Advogados n\u00e3o se responsabiliza por indisponibilidades tempor\u00e1rias do s\u00edtio eletr\u00f4nico, nem por danos decorrentes de falhas de acesso, interrup\u00e7\u00e3o ou erros.<\/p>\n\n\n\n<p>3.2. O Amaral, Yazbek Advogados n\u00e3o se responsabiliza por informa\u00e7\u00f5es inseridas pelo USU\u00c1RIO nem por eventuais danos decorrentes da a\u00e7\u00e3o de terceiros.<\/p>\n\n\n\n<p>3.3. O USU\u00c1RIO reconhece que \u00e9 o \u00fanico respons\u00e1vel por eventuais danos causados pela utiliza\u00e7\u00e3o indevida do s\u00edtio eletr\u00f4nico.<\/p>\n\n\n\n<p>CL\u00c1USULA QUARTA \u2013 DAS DISPOSI\u00c7\u00d5ES FINAIS<\/p>\n\n\n\n<p>4.1. O Amaral, Yazbek Advogados poder\u00e1 alterar este instrumento a qualquer tempo. As vers\u00f5es atualizadas estar\u00e3o sempre dispon\u00edveis para consulta no s\u00edtio eletr\u00f4nico.<\/p>\n\n\n\n<p>4.2. O USU\u00c1RIO autoriza que a Amaral, Yazbek Advogados utilize seu nome, imagem e mensagens enviadas, por meios f\u00edsicos ou eletr\u00f4nicos, para fins de divulga\u00e7\u00e3o institucional.<\/p>\n\n\n\n<p>4.3. O Amaral, Yazbek Advogados manter\u00e1 canal de comunica\u00e7\u00e3o para d\u00favidas ou reclama\u00e7\u00f5es, por meio do telefone (41) 3595-8300 ou do e-mail <a>contato@ayadvogados.com.br<\/a>.<\/p>\n\n\n\n<p>4.4. Este instrumento ser\u00e1 regido pelas leis brasileiras. As partes elegem o foro da Comarca da Regi\u00e3o Metropolitana de Curitiba\/PR para dirimir quaisquer controv\u00e9rsias oriundas deste Termo de Uso, com ren\u00fancia expressa a qualquer outro foro, por mais privilegiado que seja.<\/p>\n","protected":false},"excerpt":{"rendered":"<p>TERMO DE USO DO S\u00cdTIO ELETR\u00d4NICO Este instrumento \u00e9 um acordo legal entre voc\u00ea, pessoa natural ou jur\u00eddica, a seguir denominada simplesmente de \u201cUSU\u00c1RIO\u201d, e a Amaral, Yazbek Advogados, pessoa jur\u00eddica de direito privado, inscrita no CNPJ\/MF sob o n\u00ba 03.793.230\/0001-43, com sede na Av. C\u00e2ndido Hartmann, n\u00ba 50 \u2013 Bigorrilho, Curitiba\/PR, CEP 80730-440, doravante [&hellip;]<\/p>\n","protected":false},"author":3,"featured_media":0,"parent":0,"menu_order":0,"comment_status":"closed","ping_status":"closed","template":"","meta":{"footnotes":""},"class_list":["post-645","page","type-page","status-publish","hentry"],"blocksy_meta":{"page_title_panel":"","has_hero_section":"enabled","7ea12c47813f8ba425ed95312753d154":"","hero_section":"type-2","hero_elements":[{"id":"custom_title","enabled":true,"heading_tag":"h1","title":"P\u00e1gina inicial","__id":"UMO88n7Bqmf4ovkGSMcZi"},{"id":"custom_description","enabled":false,"description_visibility":{"desktop":true,"tablet":true,"mobile":false},"__id":"zMD8YKc33MYwF0vsQckvu"},{"id":"custom_meta","enabled":false,"meta_elements":[{"id":"author","enabled":true,"label":"Por","has_author_avatar":"yes","avatar_size":25},{"id":"post_date","enabled":true,"label":"Em","date_format_source":"default","date_format":"M j, Y"},{"id":"comments","enabled":true}],"page_meta_elements":{"joined":true,"articles_count":true,"comments":true},"__id":"Y6yD7wFesDSqHEujscSlH"},{"id":"breadcrumbs","enabled":false,"__id":"zfFQNZGzJU6wZL6RdP1Gv"}],"3a2a2e5d11feca544cb6e34e89dd8705":"","hero_alignment1":"left","hero_margin":{"desktop":50,"tablet":30,"mobile":30},"hero_alignment2":"center","hero_vertical_alignment":"center","bde4316000b60195114d9792eb769828":"","hero_structure":"narrow","492250641088181ad5fba41a4da432cb":"","page_title_bg_type":"featured_image","custom_hero_background":{"attachment_id":null},"parallax":{"desktop":false,"tablet":false,"mobile":false},"a6e028780fe993a90c1ba0392a9c1510":"","hero_height":{"desktop":"150px","tablet":"150px","mobile":"150px","__changed":[]},"pageTitleFont":{"family":"Default","variation":"n7","size":{"desktop":"32px","tablet":"30px","mobile":"25px"},"line-height":"CT_CSS_SKIP_RULE","letter-spacing":"CT_CSS_SKIP_RULE","text-transform":"CT_CSS_SKIP_RULE","text-decoration":"CT_CSS_SKIP_RULE"},"pageTitleFontColor":{"default":{"color":"var(--theme-palette-color-5)"}},"pageMetaFont":{"family":"Default","variation":"n6","size":"12px","line-height":"1.3","letter-spacing":"CT_CSS_SKIP_RULE","text-transform":"uppercase","text-decoration":"CT_CSS_SKIP_RULE"},"pageMetaFontColor":{"default":{"color":"CT_CSS_SKIP_RULEDEFAULT"},"hover":{"color":"CT_CSS_SKIP_RULEDEFAULT"}},"pageExcerptFont":{"family":"Default","variation":"Default","size":"CT_CSS_SKIP_RULE","line-height":"CT_CSS_SKIP_RULE","letter-spacing":"CT_CSS_SKIP_RULE","text-transform":"CT_CSS_SKIP_RULE","text-decoration":"CT_CSS_SKIP_RULE"},"pageExcerptColor":{"default":{"color":"CT_CSS_SKIP_RULEDEFAULT"}},"breadcrumbsFont":{"family":"Default","variation":"n6","size":"12px","line-height":"CT_CSS_SKIP_RULE","letter-spacing":"CT_CSS_SKIP_RULE","text-transform":"uppercase","text-decoration":"CT_CSS_SKIP_RULE"},"breadcrumbsFontColor":{"default":{"color":"CT_CSS_SKIP_RULEDEFAULT"},"initial":{"color":"CT_CSS_SKIP_RULEDEFAULT"},"hover":{"color":"CT_CSS_SKIP_RULEDEFAULT"}},"pageTitleOverlay":{"default":{"color":"CT_CSS_SKIP_RULE"}},"pageTitleBackground":{"background_type":"pattern","background_pattern":"type-7","background_image":{"attachment_id":null,"x":0,"y":0},"gradient":"linear-gradient(135deg,rgba(6,147,227,1) 0%,rgb(155,81,224) 100%)","background_repeat":"no-repeat","background_size":"auto","background_attachment":"scroll","patternColor":{"default":{"color":"var(--theme-palette-color-1)"}},"overlayColor":{"default":{"color":"CT_CSS_SKIP_RULE"}},"backgroundColor":{"default":{"color":"var(--theme-palette-color-2)"}}},"pageTitlePadding":{"desktop":{"top":"30px","bottom":"30px","left":"auto","right":"auto","linked":true},"tablet":{"top":"30px","bottom":"30px","left":"auto","right":"auto","linked":true},"mobile":{"top":"30px","bottom":"30px","left":"auto","right":"auto","linked":true},"__changed":[]},"2409d0c6698e0830f745461208f6c922":"","page_structure_type":"default","content_style":"inherit","vertical_spacing_source":"custom","content_area_spacing":"both","background":{"background_type":"color","background_pattern":"type-1","background_image":{"attachment_id":null,"x":0,"y":0},"gradient":"linear-gradient(135deg,rgba(6,147,227,1) 0%,rgb(155,81,224) 100%)","background_repeat":"no-repeat","background_size":"auto","background_attachment":"scroll","patternColor":{"default":{"color":"#e5e7ea"}},"overlayColor":{"default":{"color":"CT_CSS_SKIP_RULE"}},"backgroundColor":{"default":{"color":"CT_CSS_SKIP_RULE"}}},"content_background":{"background_type":"color","background_pattern":"type-1","background_image":{"attachment_id":null,"x":0,"y":0},"gradient":"linear-gradient(135deg,rgba(6,147,227,1) 0%,rgb(155,81,224) 100%)","background_repeat":"no-repeat","background_size":"auto","background_attachment":"scroll","patternColor":{"default":{"color":"#e5e7ea"}},"overlayColor":{"default":{"color":"CT_CSS_SKIP_RULE"}},"backgroundColor":{"default":{"color":"#ffffff"}}},"content_boxed_shadow":{"inherit":false,"blur":18,"spread":-6,"v_offset":12,"h_offset":0,"inset":false,"enable":true,"color":{"color":"rgba(34, 56, 101, 0.04)"}},"boxed_content_spacing":{"desktop":{"top":"40px","bottom":"40px","left":"40px","right":"40px","linked":true},"tablet":{"top":"35px","bottom":"35px","left":"35px","right":"35px","linked":true},"mobile":{"top":"20px","bottom":"20px","left":"20px","right":"20px","linked":true}},"content_boxed_radius":{"top":"3px","bottom":"3px","left":"3px","right":"3px","linked":true},"e9d0a21fa0ea65ad1f9cd1b10bf162ab":"","disable_featured_image":"no","disable_header":"no","disable_footer":"no","styles_descriptor":{"styles":{"desktop":"[data-prefix=\"single_page\"] .entry-header .page-title {--theme-font-weight:700;--theme-font-size:32px;--theme-heading-color:var(--theme-palette-color-5);} [data-prefix=\"single_page\"] .entry-header .entry-meta {--theme-font-weight:600;--theme-text-transform:uppercase;--theme-font-size:12px;--theme-line-height:1.3;} [data-prefix=\"single_page\"] .hero-section[data-type=\"type-2\"] {--min-height:150px;background-color:var(--theme-palette-color-2);background-image:url(\"data:image\/svg+xml,%3Csvg xmlns='http:\/\/www.w3.org\/2000\/svg' width='4' height='4' viewBox='0 0 4 4'%3E%3Cpath fill='%23254336' fill-opacity='1' d='M1 3h1v1H1V3zm2-2h1v1H3V1z'%3E%3C\/path%3E%3C\/svg%3E\");--container-padding:30px 0;}","tablet":"[data-prefix=\"single_page\"] .entry-header .page-title {--theme-font-size:30px;}","mobile":"[data-prefix=\"single_page\"] .entry-header .page-title {--theme-font-size:25px;}"},"google_fonts":[],"version":6}},"yoast_head":"<!-- This site is optimized with the Yoast SEO plugin v27.4 - https:\/\/yoast.com\/product\/yoast-seo-wordpress\/ -->\n<title>Termos de Uso - Amaral, Yazbek Advogados<\/title>\n<meta name=\"robots\" content=\"index, follow, max-snippet:-1, max-image-preview:large, max-video-preview:-1\" \/>\n<link rel=\"canonical\" href=\"https:\/\/www.ayadvogados.com.br\/?page_id=645\" \/>\n<meta property=\"og:locale\" content=\"pt_BR\" \/>\n<meta property=\"og:type\" content=\"article\" \/>\n<meta property=\"og:title\" content=\"Termos de Uso - Amaral, Yazbek Advogados\" \/>\n<meta property=\"og:description\" content=\"TERMO DE USO DO S\u00cdTIO ELETR\u00d4NICO Este instrumento \u00e9 um acordo legal entre voc\u00ea, pessoa natural ou jur\u00eddica, a seguir denominada simplesmente de \u201cUSU\u00c1RIO\u201d, e a Amaral, Yazbek Advogados, pessoa jur\u00eddica de direito privado, inscrita no CNPJ\/MF sob o n\u00ba 03.793.230\/0001-43, com sede na Av. C\u00e2ndido Hartmann, n\u00ba 50 \u2013 Bigorrilho, Curitiba\/PR, CEP 80730-440, doravante [&hellip;]\" \/>\n<meta property=\"og:url\" content=\"https:\/\/www.ayadvogados.com.br\/?page_id=645\" \/>\n<meta property=\"og:site_name\" content=\"Amaral, Yazbek Advogados\" \/>\n<meta property=\"article:publisher\" content=\"https:\/\/www.facebook.com\/AYadvogados\" \/>\n<meta property=\"article:modified_time\" content=\"2025-07-02T14:32:36+00:00\" \/>\n<meta name=\"twitter:card\" content=\"summary_large_image\" \/>\n<meta name=\"twitter:label1\" content=\"Est. tempo de leitura\" \/>\n\t<meta name=\"twitter:data1\" content=\"4 minutos\" \/>\n<script type=\"application\/ld+json\" class=\"yoast-schema-graph\">{\"@context\":\"https:\\\/\\\/schema.org\",\"@graph\":[{\"@type\":\"WebPage\",\"@id\":\"https:\\\/\\\/www.ayadvogados.com.br\\\/?page_id=645\",\"url\":\"https:\\\/\\\/www.ayadvogados.com.br\\\/?page_id=645\",\"name\":\"Termos de Uso - Amaral, Yazbek Advogados\",\"isPartOf\":{\"@id\":\"https:\\\/\\\/www.34.239.117.254.sslip.io\\\/#website\"},\"datePublished\":\"2021-03-26T17:37:46+00:00\",\"dateModified\":\"2025-07-02T14:32:36+00:00\",\"breadcrumb\":{\"@id\":\"https:\\\/\\\/www.ayadvogados.com.br\\\/?page_id=645#breadcrumb\"},\"inLanguage\":\"pt-BR\",\"potentialAction\":[{\"@type\":\"ReadAction\",\"target\":[\"https:\\\/\\\/www.ayadvogados.com.br\\\/?page_id=645\"]}]},{\"@type\":\"BreadcrumbList\",\"@id\":\"https:\\\/\\\/www.ayadvogados.com.br\\\/?page_id=645#breadcrumb\",\"itemListElement\":[{\"@type\":\"ListItem\",\"position\":1,\"name\":\"In\u00edcio\",\"item\":\"https:\\\/\\\/www.ayadvogados.com.br\\\/\"},{\"@type\":\"ListItem\",\"position\":2,\"name\":\"Termos de Uso\"}]},{\"@type\":\"WebSite\",\"@id\":\"https:\\\/\\\/www.34.239.117.254.sslip.io\\\/#website\",\"url\":\"https:\\\/\\\/www.34.239.117.254.sslip.io\\\/\",\"name\":\"Amaral, Yazbek Advogados\",\"description\":\"Curitiba \u2022 Bras\u00edlia \u2022 S\u00e3o Paulo\",\"publisher\":{\"@id\":\"https:\\\/\\\/www.34.239.117.254.sslip.io\\\/#organization\"},\"potentialAction\":[{\"@type\":\"SearchAction\",\"target\":{\"@type\":\"EntryPoint\",\"urlTemplate\":\"https:\\\/\\\/www.34.239.117.254.sslip.io\\\/?s={search_term_string}\"},\"query-input\":{\"@type\":\"PropertyValueSpecification\",\"valueRequired\":true,\"valueName\":\"search_term_string\"}}],\"inLanguage\":\"pt-BR\"},{\"@type\":\"Organization\",\"@id\":\"https:\\\/\\\/www.34.239.117.254.sslip.io\\\/#organization\",\"name\":\"Amaral, Yazbek Advogados\",\"url\":\"https:\\\/\\\/www.34.239.117.254.sslip.io\\\/\",\"logo\":{\"@type\":\"ImageObject\",\"inLanguage\":\"pt-BR\",\"@id\":\"https:\\\/\\\/www.34.239.117.254.sslip.io\\\/#\\\/schema\\\/logo\\\/image\\\/\",\"url\":\"http:\\\/\\\/34.239.117.254\\\/wp-content\\\/uploads\\\/2021\\\/03\\\/logo-ay-g.png\",\"contentUrl\":\"http:\\\/\\\/34.239.117.254\\\/wp-content\\\/uploads\\\/2021\\\/03\\\/logo-ay-g.png\",\"width\":434,\"height\":106,\"caption\":\"Amaral, Yazbek Advogados\"},\"image\":{\"@id\":\"https:\\\/\\\/www.34.239.117.254.sslip.io\\\/#\\\/schema\\\/logo\\\/image\\\/\"},\"sameAs\":[\"https:\\\/\\\/www.facebook.com\\\/AYadvogados\",\"https:\\\/\\\/www.instagram.com\\\/ayadvogados\\\/\"]}]}<\/script>\n<!-- \/ Yoast SEO plugin. -->","yoast_head_json":{"title":"Termos de Uso - Amaral, Yazbek Advogados","robots":{"index":"index","follow":"follow","max-snippet":"max-snippet:-1","max-image-preview":"max-image-preview:large","max-video-preview":"max-video-preview:-1"},"canonical":"https:\/\/www.ayadvogados.com.br\/?page_id=645","og_locale":"pt_BR","og_type":"article","og_title":"Termos de Uso - Amaral, Yazbek Advogados","og_description":"TERMO DE USO DO S\u00cdTIO ELETR\u00d4NICO Este instrumento \u00e9 um acordo legal entre voc\u00ea, pessoa natural ou jur\u00eddica, a seguir denominada simplesmente de \u201cUSU\u00c1RIO\u201d, e a Amaral, Yazbek Advogados, pessoa jur\u00eddica de direito privado, inscrita no CNPJ\/MF sob o n\u00ba 03.793.230\/0001-43, com sede na Av. C\u00e2ndido Hartmann, n\u00ba 50 \u2013 Bigorrilho, Curitiba\/PR, CEP 80730-440, doravante [&hellip;]","og_url":"https:\/\/www.ayadvogados.com.br\/?page_id=645","og_site_name":"Amaral, Yazbek Advogados","article_publisher":"https:\/\/www.facebook.com\/AYadvogados","article_modified_time":"2025-07-02T14:32:36+00:00","twitter_card":"summary_large_image","twitter_misc":{"Est. tempo de leitura":"4 minutos"},"schema":{"@context":"https:\/\/schema.org","@graph":[{"@type":"WebPage","@id":"https:\/\/www.ayadvogados.com.br\/?page_id=645","url":"https:\/\/www.ayadvogados.com.br\/?page_id=645","name":"Termos de Uso - Amaral, Yazbek Advogados","isPartOf":{"@id":"https:\/\/www.34.239.117.254.sslip.io\/#website"},"datePublished":"2021-03-26T17:37:46+00:00","dateModified":"2025-07-02T14:32:36+00:00","breadcrumb":{"@id":"https:\/\/www.ayadvogados.com.br\/?page_id=645#breadcrumb"},"inLanguage":"pt-BR","potentialAction":[{"@type":"ReadAction","target":["https:\/\/www.ayadvogados.com.br\/?page_id=645"]}]},{"@type":"BreadcrumbList","@id":"https:\/\/www.ayadvogados.com.br\/?page_id=645#breadcrumb","itemListElement":[{"@type":"ListItem","position":1,"name":"In\u00edcio","item":"https:\/\/www.ayadvogados.com.br\/"},{"@type":"ListItem","position":2,"name":"Termos de Uso"}]},{"@type":"WebSite","@id":"https:\/\/www.34.239.117.254.sslip.io\/#website","url":"https:\/\/www.34.239.117.254.sslip.io\/","name":"Amaral, Yazbek Advogados","description":"Curitiba \u2022 Bras\u00edlia \u2022 S\u00e3o Paulo","publisher":{"@id":"https:\/\/www.34.239.117.254.sslip.io\/#organization"},"potentialAction":[{"@type":"SearchAction","target":{"@type":"EntryPoint","urlTemplate":"https:\/\/www.34.239.117.254.sslip.io\/?s={search_term_string}"},"query-input":{"@type":"PropertyValueSpecification","valueRequired":true,"valueName":"search_term_string"}}],"inLanguage":"pt-BR"},{"@type":"Organization","@id":"https:\/\/www.34.239.117.254.sslip.io\/#organization","name":"Amaral, Yazbek Advogados","url":"https:\/\/www.34.239.117.254.sslip.io\/","logo":{"@type":"ImageObject","inLanguage":"pt-BR","@id":"https:\/\/www.34.239.117.254.sslip.io\/#\/schema\/logo\/image\/","url":"http:\/\/34.239.117.254\/wp-content\/uploads\/2021\/03\/logo-ay-g.png","contentUrl":"http:\/\/34.239.117.254\/wp-content\/uploads\/2021\/03\/logo-ay-g.png","width":434,"height":106,"caption":"Amaral, Yazbek Advogados"},"image":{"@id":"https:\/\/www.34.239.117.254.sslip.io\/#\/schema\/logo\/image\/"},"sameAs":["https:\/\/www.facebook.com\/AYadvogados","https:\/\/www.instagram.com\/ayadvogados\/"]}]}},"rttpg_featured_image_url":null,"rttpg_author":{"display_name":"Infra","author_link":"https:\/\/www.ayadvogados.com.br\/?author=3"},"rttpg_comment":0,"rttpg_category":null,"rttpg_excerpt":"TERMO DE USO DO S\u00cdTIO ELETR\u00d4NICO Este instrumento \u00e9 um acordo legal entre voc\u00ea, pessoa natural ou jur\u00eddica, a seguir denominada simplesmente de \u201cUSU\u00c1RIO\u201d, e a Amaral, Yazbek Advogados, pessoa jur\u00eddica de direito privado, inscrita no CNPJ\/MF sob o n\u00ba 03.793.230\/0001-43, com sede na Av. C\u00e2ndido Hartmann, n\u00ba 50 \u2013 Bigorrilho, Curitiba\/PR, CEP 80730-440, doravante&hellip;","_links":{"self":[{"href":"https:\/\/www.ayadvogados.com.br\/index.php?rest_route=\/wp\/v2\/pages\/645","targetHints":{"allow":["GET"]}}],"collection":[{"href":"https:\/\/www.ayadvogados.com.br\/index.php?rest_route=\/wp\/v2\/pages"}],"about":[{"href":"https:\/\/www.ayadvogados.com.br\/index.php?rest_route=\/wp\/v2\/types\/page"}],"author":[{"embeddable":true,"href":"https:\/\/www.ayadvogados.com.br\/index.php?rest_route=\/wp\/v2\/users\/3"}],"replies":[{"embeddable":true,"href":"https:\/\/www.ayadvogados.com.br\/index.php?rest_route=%2Fwp%2Fv2%2Fcomments&post=645"}],"version-history":[{"count":3,"href":"https:\/\/www.ayadvogados.com.br\/index.php?rest_route=\/wp\/v2\/pages\/645\/revisions"}],"predecessor-version":[{"id":3811,"href":"https:\/\/www.ayadvogados.com.br\/index.php?rest_route=\/wp\/v2\/pages\/645\/revisions\/3811"}],"wp:attachment":[{"href":"https:\/\/www.ayadvogados.com.br\/index.php?rest_route=%2Fwp%2Fv2%2Fmedia&parent=645"}],"curies":[{"name":"wp","href":"https:\/\/api.w.org\/{rel}","templated":true}]}}