{"id":63,"date":"2021-02-24T18:09:18","date_gmt":"2021-02-24T21:09:18","guid":{"rendered":"http:\/\/34.239.117.254\/?page_id=63"},"modified":"2023-06-29T18:03:54","modified_gmt":"2023-06-29T21:03:54","slug":"governanca-e-planejamento","status":"publish","type":"page","link":"https:\/\/www.ayadvogados.com.br\/?page_id=63","title":{"rendered":"Governan\u00e7a e Planejamento"},"content":{"rendered":"\t\t<div data-elementor-type=\"wp-page\" data-elementor-id=\"63\" class=\"elementor elementor-63\" data-elementor-post-type=\"page\">\n\t\t\t\t\t\t<section class=\"elementor-section elementor-top-section elementor-element elementor-element-39504c6 ct-section-stretched elementor-section-boxed elementor-section-height-default elementor-section-height-default\" data-id=\"39504c6\" data-element_type=\"section\" data-e-type=\"section\" data-settings=\"{&quot;background_background&quot;:&quot;classic&quot;}\">\n\t\t\t\t\t\t\t<div class=\"elementor-background-overlay\"><\/div>\n\t\t\t\t\t\t\t<div class=\"elementor-container elementor-column-gap-default\">\n\t\t\t\t\t<div class=\"elementor-column elementor-col-100 elementor-top-column elementor-element elementor-element-afeefed\" data-id=\"afeefed\" data-element_type=\"column\" data-e-type=\"column\">\n\t\t\t<div class=\"elementor-widget-wrap elementor-element-populated\">\n\t\t\t\t\t\t<div class=\"elementor-element elementor-element-bda9dc5 elementor-widget elementor-widget-heading\" data-id=\"bda9dc5\" data-element_type=\"widget\" data-e-type=\"widget\" data-widget_type=\"heading.default\">\n\t\t\t\t<div class=\"elementor-widget-container\">\n\t\t\t\t\t<h2 class=\"elementor-heading-title elementor-size-default\">Governan\u00e7a e Planejamento<\/h2>\t\t\t\t<\/div>\n\t\t\t\t<\/div>\n\t\t\t\t\t<\/div>\n\t\t<\/div>\n\t\t\t\t\t<\/div>\n\t\t<\/section>\n\t\t\t\t<section class=\"elementor-section elementor-top-section elementor-element elementor-element-811f723 ct-section-stretched elementor-section-boxed elementor-section-height-default elementor-section-height-default\" data-id=\"811f723\" data-element_type=\"section\" data-e-type=\"section\">\n\t\t\t\t\t\t<div class=\"elementor-container elementor-column-gap-default\">\n\t\t\t\t\t<div class=\"elementor-column elementor-col-100 elementor-top-column elementor-element elementor-element-c9e14df\" data-id=\"c9e14df\" data-element_type=\"column\" data-e-type=\"column\">\n\t\t\t<div class=\"elementor-widget-wrap elementor-element-populated\">\n\t\t\t\t\t\t<section class=\"elementor-section elementor-inner-section elementor-element elementor-element-5d98b02 elementor-section-boxed elementor-section-height-default elementor-section-height-default\" data-id=\"5d98b02\" data-element_type=\"section\" data-e-type=\"section\">\n\t\t\t\t\t\t<div class=\"elementor-container elementor-column-gap-default\">\n\t\t\t\t\t<div class=\"elementor-column elementor-col-50 elementor-inner-column elementor-element elementor-element-770a1bc\" data-id=\"770a1bc\" data-element_type=\"column\" data-e-type=\"column\">\n\t\t\t<div class=\"elementor-widget-wrap elementor-element-populated\">\n\t\t\t\t\t\t<div class=\"elementor-element elementor-element-b0fc8ba elementor-widget elementor-widget-heading\" data-id=\"b0fc8ba\" data-element_type=\"widget\" data-e-type=\"widget\" data-widget_type=\"heading.default\">\n\t\t\t\t<div class=\"elementor-widget-container\">\n\t\t\t\t\t<h3 class=\"elementor-heading-title elementor-size-default\">GOVERNAN\u00c7A TRIBUT\u00c1RIA<\/h3>\t\t\t\t<\/div>\n\t\t\t\t<\/div>\n\t\t\t\t<div class=\"elementor-element elementor-element-e42f5e8 elementor-widget elementor-widget-text-editor\" data-id=\"e42f5e8\" data-element_type=\"widget\" data-e-type=\"widget\" data-widget_type=\"text-editor.default\">\n\t\t\t\t<div class=\"elementor-widget-container\">\n\t\t\t\t\t\t\t\t\t<div>\u00c9 o conjunto de procedimentos de gest\u00e3o empresarial que envolvem os setores estrat\u00e9gicos da empresa, como\u00a0fiscal, cont\u00e1bil e jur\u00eddico.\u00a0Tem por objetivo controlar e revisar os processos tribut\u00e1rios, a fim de reduzir riscos de inconsist\u00eancia, evitar o pagamento excessivo de tributos e ampliar o lucro.<\/div><div>Todas as pol\u00edticas de governan\u00e7a devem estar inseridas no planejamento estrat\u00e9gico da empresa e ser formuladas baseadas em princ\u00edpios como a transpar\u00eancia, equidade, presta\u00e7\u00e3o de contas, conformidade e\u00a0cumprimento das leis. Esses princ\u00edpios garantem o compromisso da organiza\u00e7\u00e3o em obter a performance financeira, dentro dos par\u00e2metros legais, assim como conduz a pr\u00e1tica profissional de todos os envolvidos na execu\u00e7\u00e3o das\u00a0pol\u00edticas de governan\u00e7a.<\/div>\t\t\t\t\t\t\t\t<\/div>\n\t\t\t\t<\/div>\n\t\t\t\t<div class=\"elementor-element elementor-element-50ec9e5 elementor-widget elementor-widget-heading\" data-id=\"50ec9e5\" data-element_type=\"widget\" data-e-type=\"widget\" data-widget_type=\"heading.default\">\n\t\t\t\t<div class=\"elementor-widget-container\">\n\t\t\t\t\t<h4 class=\"elementor-heading-title elementor-size-default\">ETAPAS SIMPLIFICADAS:<\/h4>\t\t\t\t<\/div>\n\t\t\t\t<\/div>\n\t\t\t\t<div class=\"elementor-element elementor-element-468a7be elementor-widget elementor-widget-text-editor\" data-id=\"468a7be\" data-element_type=\"widget\" data-e-type=\"widget\" data-widget_type=\"text-editor.default\">\n\t\t\t\t<div class=\"elementor-widget-container\">\n\t\t\t\t\t\t\t\t\t<ol><li>Diagn\u00f3stico e Parecer<\/li><li>Implanta\u00e7\u00e3o<\/li><li>Acompanhamento<\/li><\/ol>\t\t\t\t\t\t\t\t<\/div>\n\t\t\t\t<\/div>\n\t\t\t\t\t<\/div>\n\t\t<\/div>\n\t\t\t\t<div class=\"elementor-column elementor-col-50 elementor-inner-column elementor-element elementor-element-9342f0a\" data-id=\"9342f0a\" data-element_type=\"column\" data-e-type=\"column\">\n\t\t\t<div class=\"elementor-widget-wrap elementor-element-populated\">\n\t\t\t\t\t\t<div class=\"elementor-element elementor-element-6068d0e elementor-widget elementor-widget-heading\" data-id=\"6068d0e\" data-element_type=\"widget\" data-e-type=\"widget\" data-widget_type=\"heading.default\">\n\t\t\t\t<div class=\"elementor-widget-container\">\n\t\t\t\t\t<h3 class=\"elementor-heading-title elementor-size-default\">PLANEJAMENTO TRIBUT\u00c1RIO\n<\/h3>\t\t\t\t<\/div>\n\t\t\t\t<\/div>\n\t\t\t\t<div class=\"elementor-element elementor-element-f693320 elementor-widget elementor-widget-text-editor\" data-id=\"f693320\" data-element_type=\"widget\" data-e-type=\"widget\" data-widget_type=\"text-editor.default\">\n\t\t\t\t<div class=\"elementor-widget-container\">\n\t\t\t\t\t\t\t\t\t<div>\n<div>Planejar suas atitudes pode te fazer ter melhores resultados, a fim de melhorar a gest\u00e3o de uso do tempo.&nbsp;Planejamento Tribut\u00e1rio \u00e9 a gest\u00e3o do pagamento de tributos de uma empresa, bem como o estudo de maneiras de reduzir legalmente a carga tribut\u00e1ria que incide sobre ela. O cumprimento das obriga\u00e7\u00f5es fiscais de qualquer empresa deve ser gerido de maneira organizada.<\/div>\n<\/div>\n<div>&nbsp;<\/div>\n<div>Benef\u00edcios do planejamento tribut\u00e1rio:<\/div>\n<div>&#8211; Evitar o pagamento de impostos indevidos<\/div>\n<div>&#8211; Manter a empresa legalizada<\/div>\n<div>&#8211; Evitar o atraso de pagamentos<\/div>\n<div>&nbsp;<\/div>\n<div>O planejamento tribut\u00e1rio pode ser: Operacional ou Estrat\u00e9gico:<\/div>\n<div><br><\/div>\n<div>\n<div><strong>Operacional:<\/strong><\/div>\n<div>S\u00e3o os procedimentos estabelecidos na empresa para que sejam cumpridas todas as exig\u00eancias legais. Ou seja, para cumprir a correta escritura\u00e7\u00e3o das opera\u00e7\u00f5es e o pagamento dos impostos nos prazos previstos.<\/div>\n<div>&nbsp;<\/div>\n<div><strong>Estrat\u00e9gico:<\/strong><\/div>\n<div>Para que seja poss\u00edvel realizar o planejamento operacional, antes deve ser feito o estrat\u00e9gico, que \u00e9 o enquadramento da empresa no&nbsp;regime tribut\u00e1rio mais conveniente, al\u00e9m do conhecimento de outras particularidades fiscais, que variam de acordo com o ramo de atividade, estrutura de capital, localiza\u00e7\u00e3o, modelo de contrata\u00e7\u00e3o de recursos humanos e outras.<\/div>\n<\/div>\t\t\t\t\t\t\t\t<\/div>\n\t\t\t\t<\/div>\n\t\t\t\t\t<\/div>\n\t\t<\/div>\n\t\t\t\t\t<\/div>\n\t\t<\/section>\n\t\t\t\t\t<\/div>\n\t\t<\/div>\n\t\t\t\t\t<\/div>\n\t\t<\/section>\n\t\t\t\t<section class=\"elementor-section elementor-top-section elementor-element elementor-element-39cde93 ct-section-stretched elementor-section-boxed elementor-section-height-default elementor-section-height-default\" data-id=\"39cde93\" data-element_type=\"section\" data-e-type=\"section\" data-settings=\"{&quot;background_background&quot;:&quot;classic&quot;}\">\n\t\t\t\t\t\t<div class=\"elementor-container elementor-column-gap-default\">\n\t\t\t\t\t<div class=\"elementor-column elementor-col-100 elementor-top-column elementor-element elementor-element-ca73c88\" data-id=\"ca73c88\" data-element_type=\"column\" data-e-type=\"column\">\n\t\t\t<div class=\"elementor-widget-wrap elementor-element-populated\">\n\t\t\t\t\t\t<div class=\"elementor-element elementor-element-44841d6 elementor-widget elementor-widget-heading\" data-id=\"44841d6\" data-element_type=\"widget\" data-e-type=\"widget\" data-widget_type=\"heading.default\">\n\t\t\t\t<div class=\"elementor-widget-container\">\n\t\t\t\t\t<h3 class=\"elementor-heading-title elementor-size-default\">Inspira\u00e7\u00f5es<\/h3>\t\t\t\t<\/div>\n\t\t\t\t<\/div>\n\t\t\t\t<div class=\"elementor-element elementor-element-9348df4 elementor-testimonial--skin-default elementor-testimonial--layout-image_inline elementor-testimonial--align-center elementor-arrows-yes elementor-pagination-type-bullets elementor-widget elementor-widget-testimonial-carousel\" data-id=\"9348df4\" data-element_type=\"widget\" data-e-type=\"widget\" data-settings=\"{&quot;show_arrows&quot;:&quot;yes&quot;,&quot;pagination&quot;:&quot;bullets&quot;,&quot;speed&quot;:500,&quot;autoplay&quot;:&quot;yes&quot;,&quot;autoplay_speed&quot;:5000,&quot;loop&quot;:&quot;yes&quot;,&quot;pause_on_hover&quot;:&quot;yes&quot;,&quot;pause_on_interaction&quot;:&quot;yes&quot;,&quot;space_between&quot;:{&quot;unit&quot;:&quot;px&quot;,&quot;size&quot;:10,&quot;sizes&quot;:[]},&quot;space_between_tablet&quot;:{&quot;unit&quot;:&quot;px&quot;,&quot;size&quot;:10,&quot;sizes&quot;:[]},&quot;space_between_mobile&quot;:{&quot;unit&quot;:&quot;px&quot;,&quot;size&quot;:10,&quot;sizes&quot;:[]}}\" data-widget_type=\"testimonial-carousel.default\">\n\t\t\t\t<div class=\"elementor-widget-container\">\n\t\t\t\t\t\t\t\t\t<div class=\"elementor-swiper\">\n\t\t\t\t\t<div class=\"elementor-main-swiper swiper\" role=\"region\" aria-roledescription=\"carousel\" aria-label=\"Slides\">\n\t\t\t\t<div class=\"swiper-wrapper\">\n\t\t\t\t\t\t\t\t\t\t\t<div class=\"swiper-slide\" role=\"group\" aria-roledescription=\"slide\">\n\t\t\t\t\t\t\t\t\t<div class=\"elementor-testimonial\">\n\t\t\t\t\t\t\t<div class=\"elementor-testimonial__content\">\n\t\t\t\t\t<div class=\"elementor-testimonial__text\">\n\t\t\t\t\t\t\u00c9 uma pequena fortuna que poderia movimentar a economia e servir a um bem maior, caso a burocracia fosse menor e o Estado mais c\u00e9lere no que tange a conflitos que seguem a via judicial e extrajudicial\t\t\t\t\t<\/div>\n\t\t\t\t\t\t\t\t\t<\/div>\n\t\t\t\t\t\t<div class=\"elementor-testimonial__footer\">\n\t\t\t\t\t\t\t\t\t<div class=\"elementor-testimonial__image\">\n\t\t\t\t\t\t<img decoding=\"async\" src=\"https:\/\/www.ayadvogados.com.br\/wp-content\/uploads\/2021\/02\/Coordenador-IBPT-e1614345952437.jpg\" alt=\"Gilberto Luiz do Amaral\">\n\t\t\t\t\t\t\t\t\t\t\t<\/div>\n\t\t\t\t\t\t\t\t<cite class=\"elementor-testimonial__cite\"><span class=\"elementor-testimonial__name\">Gilberto Luiz do Amaral<\/span><span class=\"elementor-testimonial__title\">S\u00f3cio<\/span><\/cite>\t\t\t<\/div>\n\t\t<\/div>\n\t\t\t\t\t\t\t\t<\/div>\n\t\t\t\t\t\t\t\t\t<\/div>\n\t\t\t\t\t\t\t<\/div>\n\t\t\t\t<\/div>\n\t\t\t\t\t\t\t\t<\/div>\n\t\t\t\t<\/div>\n\t\t\t\t\t<\/div>\n\t\t<\/div>\n\t\t\t\t\t<\/div>\n\t\t<\/section>\n\t\t\t\t<section class=\"elementor-section elementor-top-section elementor-element elementor-element-af2c946 ct-section-stretched elementor-section-boxed elementor-section-height-default elementor-section-height-default\" data-id=\"af2c946\" data-element_type=\"section\" data-e-type=\"section\">\n\t\t\t\t\t\t<div class=\"elementor-container elementor-column-gap-default\">\n\t\t\t\t\t<div class=\"elementor-column elementor-col-100 elementor-top-column elementor-element elementor-element-9ac442d\" data-id=\"9ac442d\" data-element_type=\"column\" data-e-type=\"column\">\n\t\t\t<div class=\"elementor-widget-wrap elementor-element-populated\">\n\t\t\t\t\t\t<div class=\"elementor-element elementor-element-026f186 elementor-widget elementor-widget-heading\" data-id=\"026f186\" data-element_type=\"widget\" data-e-type=\"widget\" data-widget_type=\"heading.default\">\n\t\t\t\t<div class=\"elementor-widget-container\">\n\t\t\t\t\t<h5 class=\"elementor-heading-title elementor-size-default\">Quer solicitar uma reuni\u00e3o para conversarmos sobre o seu caso?\u200b<\/h5>\t\t\t\t<\/div>\n\t\t\t\t<\/div>\n\t\t\t\t<div class=\"elementor-element elementor-element-5dc8938 elementor-align-center elementor-widget elementor-widget-button\" data-id=\"5dc8938\" data-element_type=\"widget\" data-e-type=\"widget\" data-widget_type=\"button.default\">\n\t\t\t\t<div class=\"elementor-widget-container\">\n\t\t\t\t\t\t\t\t\t<div class=\"elementor-button-wrapper\">\n\t\t\t\t\t<a class=\"elementor-button elementor-button-link elementor-size-sm elementor-animation-grow\" href=\"#elementor-action%3Aaction%3Dpopup%3Aopen%26settings%3DeyJpZCI6IjU5NiIsInRvZ2dsZSI6ZmFsc2V9\">\n\t\t\t\t\t\t<span class=\"elementor-button-content-wrapper\">\n\t\t\t\t\t\t\t\t\t<span class=\"elementor-button-text\">Solicitar uma reuni\u00e3o<\/span>\n\t\t\t\t\t<\/span>\n\t\t\t\t\t<\/a>\n\t\t\t\t<\/div>\n\t\t\t\t\t\t\t\t<\/div>\n\t\t\t\t<\/div>\n\t\t\t\t\t<\/div>\n\t\t<\/div>\n\t\t\t\t\t<\/div>\n\t\t<\/section>\n\t\t\t\t<\/div>\n\t\t","protected":false},"excerpt":{"rendered":"<p>GOVERNAN\u00c7A TRIBUT\u00c1RIA \u00c9 o conjunto de procedimentos de gest\u00e3o empresarial que envolvem os setores estrat\u00e9gicos da empresa, como\u00a0fiscal, cont\u00e1bil e jur\u00eddico.\u00a0Tem por objetivo controlar e revisar os processos tribut\u00e1rios, a fim de reduzir riscos de inconsist\u00eancia, evitar o pagamento excessivo de tributos e ampliar o lucro.Todas as pol\u00edticas de governan\u00e7a devem estar inseridas no planejamento [&hellip;]<\/p>\n","protected":false},"author":3,"featured_media":0,"parent":62,"menu_order":0,"comment_status":"closed","ping_status":"closed","template":"","meta":{"footnotes":""},"class_list":["post-63","page","type-page","status-publish","hentry"],"blocksy_meta":{"styles_descriptor":{"styles":{"desktop":"","tablet":"","mobile":""},"google_fonts":[],"version":6}},"yoast_head":"<!-- This site is optimized with the Yoast SEO plugin v27.5 - https:\/\/yoast.com\/product\/yoast-seo-wordpress\/ -->\n<title>Governan\u00e7a e Planejamento - Amaral, Yazbek Advogados<\/title>\n<meta name=\"robots\" content=\"index, follow, max-snippet:-1, max-image-preview:large, max-video-preview:-1\" \/>\n<link rel=\"canonical\" href=\"https:\/\/www.34.239.117.254.sslip.io\/?page_id=63\" \/>\n<meta property=\"og:locale\" content=\"pt_BR\" \/>\n<meta property=\"og:type\" content=\"article\" \/>\n<meta property=\"og:title\" content=\"Governan\u00e7a e Planejamento - Amaral, Yazbek Advogados\" \/>\n<meta property=\"og:description\" content=\"GOVERNAN\u00c7A TRIBUT\u00c1RIA \u00c9 o conjunto de procedimentos de gest\u00e3o empresarial que envolvem os setores estrat\u00e9gicos da empresa, como\u00a0fiscal, cont\u00e1bil e jur\u00eddico.\u00a0Tem por objetivo controlar e revisar os processos tribut\u00e1rios, a fim de reduzir riscos de inconsist\u00eancia, evitar o pagamento excessivo de tributos e ampliar o lucro.Todas as pol\u00edticas de governan\u00e7a devem estar inseridas no planejamento [&hellip;]\" \/>\n<meta property=\"og:url\" content=\"https:\/\/www.34.239.117.254.sslip.io\/?page_id=63\" \/>\n<meta property=\"og:site_name\" content=\"Amaral, Yazbek Advogados\" \/>\n<meta property=\"article:publisher\" content=\"https:\/\/www.facebook.com\/AYadvogados\" \/>\n<meta property=\"article:modified_time\" content=\"2023-06-29T21:03:54+00:00\" \/>\n<meta property=\"og:image\" content=\"http:\/\/ayadvogados.com.br\/wp-content\/uploads\/2021\/02\/Coordenador-IBPT-e1614345952437.jpg\" \/>\n<meta name=\"twitter:card\" content=\"summary_large_image\" \/>\n<meta name=\"twitter:label1\" content=\"Est. tempo de leitura\" \/>\n\t<meta name=\"twitter:data1\" content=\"3 minutos\" \/>\n<script type=\"application\/ld+json\" class=\"yoast-schema-graph\">{\"@context\":\"https:\\\/\\\/schema.org\",\"@graph\":[{\"@type\":\"WebPage\",\"@id\":\"https:\\\/\\\/www.34.239.117.254.sslip.io\\\/?page_id=63\",\"url\":\"https:\\\/\\\/www.34.239.117.254.sslip.io\\\/?page_id=63\",\"name\":\"Governan\u00e7a e Planejamento - Amaral, Yazbek Advogados\",\"isPartOf\":{\"@id\":\"https:\\\/\\\/www.ayadvogados.com.br\\\/#website\"},\"primaryImageOfPage\":{\"@id\":\"https:\\\/\\\/www.34.239.117.254.sslip.io\\\/?page_id=63#primaryimage\"},\"image\":{\"@id\":\"https:\\\/\\\/www.34.239.117.254.sslip.io\\\/?page_id=63#primaryimage\"},\"thumbnailUrl\":\"http:\\\/\\\/ayadvogados.com.br\\\/wp-content\\\/uploads\\\/2021\\\/02\\\/Coordenador-IBPT-e1614345952437.jpg\",\"datePublished\":\"2021-02-24T21:09:18+00:00\",\"dateModified\":\"2023-06-29T21:03:54+00:00\",\"breadcrumb\":{\"@id\":\"https:\\\/\\\/www.34.239.117.254.sslip.io\\\/?page_id=63#breadcrumb\"},\"inLanguage\":\"pt-BR\",\"potentialAction\":[{\"@type\":\"ReadAction\",\"target\":[\"https:\\\/\\\/www.34.239.117.254.sslip.io\\\/?page_id=63\"]}]},{\"@type\":\"ImageObject\",\"inLanguage\":\"pt-BR\",\"@id\":\"https:\\\/\\\/www.34.239.117.254.sslip.io\\\/?page_id=63#primaryimage\",\"url\":\"http:\\\/\\\/ayadvogados.com.br\\\/wp-content\\\/uploads\\\/2021\\\/02\\\/Coordenador-IBPT-e1614345952437.jpg\",\"contentUrl\":\"http:\\\/\\\/ayadvogados.com.br\\\/wp-content\\\/uploads\\\/2021\\\/02\\\/Coordenador-IBPT-e1614345952437.jpg\"},{\"@type\":\"BreadcrumbList\",\"@id\":\"https:\\\/\\\/www.34.239.117.254.sslip.io\\\/?page_id=63#breadcrumb\",\"itemListElement\":[{\"@type\":\"ListItem\",\"position\":1,\"name\":\"In\u00edcio\",\"item\":\"https:\\\/\\\/www.34.239.117.254.sslip.io\\\/\"},{\"@type\":\"ListItem\",\"position\":2,\"name\":\"Servi\u00e7os\",\"item\":\"https:\\\/\\\/www.34.239.117.254.sslip.io\\\/?page_id=62\"},{\"@type\":\"ListItem\",\"position\":3,\"name\":\"Governan\u00e7a e Planejamento\"}]},{\"@type\":\"WebSite\",\"@id\":\"https:\\\/\\\/www.ayadvogados.com.br\\\/#website\",\"url\":\"https:\\\/\\\/www.ayadvogados.com.br\\\/\",\"name\":\"Amaral, Yazbek Advogados\",\"description\":\"Curitiba \u2022 Bras\u00edlia \u2022 S\u00e3o Paulo\",\"publisher\":{\"@id\":\"https:\\\/\\\/www.ayadvogados.com.br\\\/#organization\"},\"potentialAction\":[{\"@type\":\"SearchAction\",\"target\":{\"@type\":\"EntryPoint\",\"urlTemplate\":\"https:\\\/\\\/www.ayadvogados.com.br\\\/?s={search_term_string}\"},\"query-input\":{\"@type\":\"PropertyValueSpecification\",\"valueRequired\":true,\"valueName\":\"search_term_string\"}}],\"inLanguage\":\"pt-BR\"},{\"@type\":\"Organization\",\"@id\":\"https:\\\/\\\/www.ayadvogados.com.br\\\/#organization\",\"name\":\"Amaral, Yazbek Advogados\",\"url\":\"https:\\\/\\\/www.ayadvogados.com.br\\\/\",\"logo\":{\"@type\":\"ImageObject\",\"inLanguage\":\"pt-BR\",\"@id\":\"https:\\\/\\\/www.ayadvogados.com.br\\\/#\\\/schema\\\/logo\\\/image\\\/\",\"url\":\"http:\\\/\\\/34.239.117.254\\\/wp-content\\\/uploads\\\/2021\\\/03\\\/logo-ay-g.png\",\"contentUrl\":\"http:\\\/\\\/34.239.117.254\\\/wp-content\\\/uploads\\\/2021\\\/03\\\/logo-ay-g.png\",\"width\":434,\"height\":106,\"caption\":\"Amaral, Yazbek Advogados\"},\"image\":{\"@id\":\"https:\\\/\\\/www.ayadvogados.com.br\\\/#\\\/schema\\\/logo\\\/image\\\/\"},\"sameAs\":[\"https:\\\/\\\/www.facebook.com\\\/AYadvogados\",\"https:\\\/\\\/www.instagram.com\\\/ayadvogados\\\/\"]}]}<\/script>\n<!-- \/ Yoast SEO plugin. -->","yoast_head_json":{"title":"Governan\u00e7a e Planejamento - Amaral, Yazbek Advogados","robots":{"index":"index","follow":"follow","max-snippet":"max-snippet:-1","max-image-preview":"max-image-preview:large","max-video-preview":"max-video-preview:-1"},"canonical":"https:\/\/www.34.239.117.254.sslip.io\/?page_id=63","og_locale":"pt_BR","og_type":"article","og_title":"Governan\u00e7a e Planejamento - Amaral, Yazbek Advogados","og_description":"GOVERNAN\u00c7A TRIBUT\u00c1RIA \u00c9 o conjunto de procedimentos de gest\u00e3o empresarial que envolvem os setores estrat\u00e9gicos da empresa, como\u00a0fiscal, cont\u00e1bil e jur\u00eddico.\u00a0Tem por objetivo controlar e revisar os processos tribut\u00e1rios, a fim de reduzir riscos de inconsist\u00eancia, evitar o pagamento excessivo de tributos e ampliar o lucro.Todas as pol\u00edticas de governan\u00e7a devem estar inseridas no planejamento [&hellip;]","og_url":"https:\/\/www.34.239.117.254.sslip.io\/?page_id=63","og_site_name":"Amaral, Yazbek Advogados","article_publisher":"https:\/\/www.facebook.com\/AYadvogados","article_modified_time":"2023-06-29T21:03:54+00:00","og_image":[{"url":"http:\/\/ayadvogados.com.br\/wp-content\/uploads\/2021\/02\/Coordenador-IBPT-e1614345952437.jpg","type":"","width":"","height":""}],"twitter_card":"summary_large_image","twitter_misc":{"Est. tempo de leitura":"3 minutos"},"schema":{"@context":"https:\/\/schema.org","@graph":[{"@type":"WebPage","@id":"https:\/\/www.34.239.117.254.sslip.io\/?page_id=63","url":"https:\/\/www.34.239.117.254.sslip.io\/?page_id=63","name":"Governan\u00e7a e Planejamento - Amaral, Yazbek Advogados","isPartOf":{"@id":"https:\/\/www.ayadvogados.com.br\/#website"},"primaryImageOfPage":{"@id":"https:\/\/www.34.239.117.254.sslip.io\/?page_id=63#primaryimage"},"image":{"@id":"https:\/\/www.34.239.117.254.sslip.io\/?page_id=63#primaryimage"},"thumbnailUrl":"http:\/\/ayadvogados.com.br\/wp-content\/uploads\/2021\/02\/Coordenador-IBPT-e1614345952437.jpg","datePublished":"2021-02-24T21:09:18+00:00","dateModified":"2023-06-29T21:03:54+00:00","breadcrumb":{"@id":"https:\/\/www.34.239.117.254.sslip.io\/?page_id=63#breadcrumb"},"inLanguage":"pt-BR","potentialAction":[{"@type":"ReadAction","target":["https:\/\/www.34.239.117.254.sslip.io\/?page_id=63"]}]},{"@type":"ImageObject","inLanguage":"pt-BR","@id":"https:\/\/www.34.239.117.254.sslip.io\/?page_id=63#primaryimage","url":"http:\/\/ayadvogados.com.br\/wp-content\/uploads\/2021\/02\/Coordenador-IBPT-e1614345952437.jpg","contentUrl":"http:\/\/ayadvogados.com.br\/wp-content\/uploads\/2021\/02\/Coordenador-IBPT-e1614345952437.jpg"},{"@type":"BreadcrumbList","@id":"https:\/\/www.34.239.117.254.sslip.io\/?page_id=63#breadcrumb","itemListElement":[{"@type":"ListItem","position":1,"name":"In\u00edcio","item":"https:\/\/www.34.239.117.254.sslip.io\/"},{"@type":"ListItem","position":2,"name":"Servi\u00e7os","item":"https:\/\/www.34.239.117.254.sslip.io\/?page_id=62"},{"@type":"ListItem","position":3,"name":"Governan\u00e7a e Planejamento"}]},{"@type":"WebSite","@id":"https:\/\/www.ayadvogados.com.br\/#website","url":"https:\/\/www.ayadvogados.com.br\/","name":"Amaral, Yazbek Advogados","description":"Curitiba \u2022 Bras\u00edlia \u2022 S\u00e3o Paulo","publisher":{"@id":"https:\/\/www.ayadvogados.com.br\/#organization"},"potentialAction":[{"@type":"SearchAction","target":{"@type":"EntryPoint","urlTemplate":"https:\/\/www.ayadvogados.com.br\/?s={search_term_string}"},"query-input":{"@type":"PropertyValueSpecification","valueRequired":true,"valueName":"search_term_string"}}],"inLanguage":"pt-BR"},{"@type":"Organization","@id":"https:\/\/www.ayadvogados.com.br\/#organization","name":"Amaral, Yazbek Advogados","url":"https:\/\/www.ayadvogados.com.br\/","logo":{"@type":"ImageObject","inLanguage":"pt-BR","@id":"https:\/\/www.ayadvogados.com.br\/#\/schema\/logo\/image\/","url":"http:\/\/34.239.117.254\/wp-content\/uploads\/2021\/03\/logo-ay-g.png","contentUrl":"http:\/\/34.239.117.254\/wp-content\/uploads\/2021\/03\/logo-ay-g.png","width":434,"height":106,"caption":"Amaral, Yazbek Advogados"},"image":{"@id":"https:\/\/www.ayadvogados.com.br\/#\/schema\/logo\/image\/"},"sameAs":["https:\/\/www.facebook.com\/AYadvogados","https:\/\/www.instagram.com\/ayadvogados\/"]}]}},"rttpg_featured_image_url":null,"rttpg_author":{"display_name":"Infra","author_link":"https:\/\/www.ayadvogados.com.br\/?author=3"},"rttpg_comment":0,"rttpg_category":null,"rttpg_excerpt":"GOVERNAN\u00c7A TRIBUT\u00c1RIA \u00c9 o conjunto de procedimentos de gest\u00e3o empresarial que envolvem os setores estrat\u00e9gicos da empresa, como\u00a0fiscal, cont\u00e1bil e jur\u00eddico.\u00a0Tem por objetivo controlar e revisar os processos tribut\u00e1rios, a fim de reduzir riscos de inconsist\u00eancia, evitar o pagamento excessivo de tributos e ampliar o lucro.Todas as pol\u00edticas de governan\u00e7a devem estar inseridas no planejamento&hellip;","_links":{"self":[{"href":"https:\/\/www.ayadvogados.com.br\/index.php?rest_route=\/wp\/v2\/pages\/63","targetHints":{"allow":["GET"]}}],"collection":[{"href":"https:\/\/www.ayadvogados.com.br\/index.php?rest_route=\/wp\/v2\/pages"}],"about":[{"href":"https:\/\/www.ayadvogados.com.br\/index.php?rest_route=\/wp\/v2\/types\/page"}],"author":[{"embeddable":true,"href":"https:\/\/www.ayadvogados.com.br\/index.php?rest_route=\/wp\/v2\/users\/3"}],"replies":[{"embeddable":true,"href":"https:\/\/www.ayadvogados.com.br\/index.php?rest_route=%2Fwp%2Fv2%2Fcomments&post=63"}],"version-history":[{"count":16,"href":"https:\/\/www.ayadvogados.com.br\/index.php?rest_route=\/wp\/v2\/pages\/63\/revisions"}],"predecessor-version":[{"id":2665,"href":"https:\/\/www.ayadvogados.com.br\/index.php?rest_route=\/wp\/v2\/pages\/63\/revisions\/2665"}],"up":[{"embeddable":true,"href":"https:\/\/www.ayadvogados.com.br\/index.php?rest_route=\/wp\/v2\/pages\/62"}],"wp:attachment":[{"href":"https:\/\/www.ayadvogados.com.br\/index.php?rest_route=%2Fwp%2Fv2%2Fmedia&parent=63"}],"curies":[{"name":"wp","href":"https:\/\/api.w.org\/{rel}","templated":true}]}}